{"id":1287,"date":"2023-07-20T16:07:10","date_gmt":"2023-07-20T16:07:10","guid":{"rendered":"https:\/\/portenorestaurante.com.mx\/en\/?page_id=1287"},"modified":"2026-01-12T21:16:01","modified_gmt":"2026-01-12T21:16:01","slug":"restaurant-in-puerto-cancun-with-a-sea-view","status":"publish","type":"page","link":"https:\/\/bodegaargentina.com.mx\/en\/restaurant-in-puerto-cancun-with-a-sea-view\/","title":{"rendered":"locacion"},"content":{"rendered":"\t\t<div data-elementor-type=\"wp-page\" data-elementor-id=\"1287\" class=\"elementor elementor-1287\" data-elementor-post-type=\"page\">\n\t\t\t\t\t\t<section class=\"elementor-section elementor-top-section elementor-element elementor-element-f2d3ae3 elementor-section-full_width elementor-section-height-min-height elementor-section-height-default elementor-section-items-middle eltdf-parallax-row-no eltdf-content-aligment-left eltdf-elementor-row-grid-no eltdf-disabled-bg-image-bellow-no\" data-id=\"f2d3ae3\" data-element_type=\"section\" data-settings=\"{&quot;background_background&quot;:&quot;classic&quot;}\">\n\t\t\t\t\t\t\t<div class=\"elementor-background-overlay\"><\/div>\n\t\t\t\t\t\t\t<div class=\"elementor-container elementor-column-gap-no\">\n\t\t\t\t\t<div class=\"elementor-column elementor-col-100 elementor-top-column elementor-element elementor-element-b4493ca\" data-id=\"b4493ca\" data-element_type=\"column\">\n\t\t\t<div class=\"elementor-widget-wrap\">\n\t\t\t\t\t\t\t<\/div>\n\t\t<\/div>\n\t\t\t\t\t<\/div>\n\t\t<\/section>\n\t\t\t\t<section class=\"elementor-section elementor-top-section elementor-element elementor-element-b15f1cc elementor-section-full_width elementor-section-height-default elementor-section-height-default eltdf-parallax-row-no eltdf-content-aligment-left eltdf-elementor-row-grid-no eltdf-disabled-bg-image-bellow-no\" data-id=\"b15f1cc\" data-element_type=\"section\" data-settings=\"{&quot;background_background&quot;:&quot;classic&quot;}\">\n\t\t\t\t\t\t<div class=\"elementor-container elementor-column-gap-no\">\n\t\t\t\t\t<div class=\"elementor-column elementor-col-50 elementor-top-column elementor-element elementor-element-8892efe\" data-id=\"8892efe\" data-element_type=\"column\">\n\t\t\t<div class=\"elementor-widget-wrap elementor-element-populated\">\n\t\t\t\t\t\t<div class=\"elementor-element elementor-element-77aa3d2 elementor-widget elementor-widget-heading\" data-id=\"77aa3d2\" data-element_type=\"widget\" data-widget_type=\"heading.default\">\n\t\t\t\t<div class=\"elementor-widget-container\">\n\t\t\t\t\t<h1 class=\"elementor-heading-title elementor-size-default\">\nThe best argentine\n<\/h1>\t\t\t\t<\/div>\n\t\t\t\t<\/div>\n\t\t\t\t<div class=\"elementor-element elementor-element-ee34bea elementor-widget elementor-widget-heading\" data-id=\"ee34bea\" data-element_type=\"widget\" data-widget_type=\"heading.default\">\n\t\t\t\t<div class=\"elementor-widget-container\">\n\t\t\t\t\t<h2 class=\"elementor-heading-title elementor-size-default\">\nrestaurant in cancun\n<\/h2>\t\t\t\t<\/div>\n\t\t\t\t<\/div>\n\t\t\t\t<div class=\"elementor-element elementor-element-2905c3a elementor-widget elementor-widget-image\" data-id=\"2905c3a\" data-element_type=\"widget\" data-widget_type=\"image.default\">\n\t\t\t\t<div class=\"elementor-widget-container\">\n\t\t\t\t\t\t\t\t\t\t\t\t\t\t\t<img decoding=\"async\" width=\"1024\" height=\"38\" src=\"https:\/\/bodegaargentina.com.mx\/en\/wp-content\/uploads\/sites\/2\/2025\/02\/BA_barra_500px-1024x38.png\" class=\"attachment-large size-large wp-image-6847\" alt=\"\" srcset=\"https:\/\/bodegaargentina.com.mx\/en\/wp-content\/uploads\/sites\/2\/2025\/02\/BA_barra_500px-1024x38.png 1024w, https:\/\/bodegaargentina.com.mx\/en\/wp-content\/uploads\/sites\/2\/2025\/02\/BA_barra_500px-300x11.png 300w, https:\/\/bodegaargentina.com.mx\/en\/wp-content\/uploads\/sites\/2\/2025\/02\/BA_barra_500px-768x28.png 768w, https:\/\/bodegaargentina.com.mx\/en\/wp-content\/uploads\/sites\/2\/2025\/02\/BA_barra_500px-1536x57.png 1536w, https:\/\/bodegaargentina.com.mx\/en\/wp-content\/uploads\/sites\/2\/2025\/02\/BA_barra_500px-200x7.png 200w\" sizes=\"(max-width: 1024px) 100vw, 1024px\" \/>\t\t\t\t\t\t\t\t\t\t\t\t\t\t\t<\/div>\n\t\t\t\t<\/div>\n\t\t\t\t<div class=\"elementor-element elementor-element-34ba474 elementor-widget elementor-widget-text-editor\" data-id=\"34ba474\" data-element_type=\"widget\" data-widget_type=\"text-editor.default\">\n\t\t\t\t<div class=\"elementor-widget-container\">\n\t\t\t\t\t\t\t\t\tIn the heart of Puerto Cancun, Bodega Argentina will immerse you in a cozy and elegant atmosphere that evokes the passion and spirit of Buenos Aires, while you delight your palate with the most emblematic dishes of Argentine cuisine. An Argentinean restaurant that will change the standard for steakhouses in Cancun.\t\t\t\t\t\t\t\t<\/div>\n\t\t\t\t<\/div>\n\t\t\t\t\t<\/div>\n\t\t<\/div>\n\t\t\t\t<div class=\"elementor-column elementor-col-50 elementor-top-column elementor-element elementor-element-64ff681\" data-id=\"64ff681\" data-element_type=\"column\">\n\t\t\t<div class=\"elementor-widget-wrap elementor-element-populated\">\n\t\t\t\t\t\t<div class=\"elementor-element elementor-element-967dd0e elementor-widget elementor-widget-image-carousel\" data-id=\"967dd0e\" data-element_type=\"widget\" data-settings=\"{&quot;slides_to_show&quot;:&quot;1&quot;,&quot;navigation&quot;:&quot;none&quot;,&quot;autoplay&quot;:&quot;yes&quot;,&quot;pause_on_hover&quot;:&quot;yes&quot;,&quot;pause_on_interaction&quot;:&quot;yes&quot;,&quot;autoplay_speed&quot;:5000,&quot;infinite&quot;:&quot;yes&quot;,&quot;effect&quot;:&quot;slide&quot;,&quot;speed&quot;:500}\" data-widget_type=\"image-carousel.default\">\n\t\t\t\t<div class=\"elementor-widget-container\">\n\t\t\t\t\t\t\t<div class=\"elementor-image-carousel-wrapper swiper\" role=\"region\" aria-roledescription=\"carousel\" aria-label=\"Carrusel de Im\u00e1genes\" dir=\"ltr\">\n\t\t\t<div class=\"elementor-image-carousel swiper-wrapper swiper-image-stretch\" aria-live=\"off\">\n\t\t\t\t\t\t\t\t<div class=\"swiper-slide\" role=\"group\" aria-roledescription=\"slide\" aria-label=\"1 de 4\"><figure class=\"swiper-slide-inner\"><img decoding=\"async\" class=\"swiper-slide-image\" src=\"https:\/\/bodegaargentina.com.mx\/en\/wp-content\/uploads\/sites\/2\/2025\/02\/BODEGA-ARGENTINA-9.png\" alt=\"BODEGA-ARGENTINA (9)\" \/><\/figure><\/div><div class=\"swiper-slide\" role=\"group\" aria-roledescription=\"slide\" aria-label=\"2 de 4\"><figure class=\"swiper-slide-inner\"><img decoding=\"async\" class=\"swiper-slide-image\" src=\"https:\/\/bodegaargentina.com.mx\/en\/wp-content\/uploads\/sites\/2\/2025\/02\/BODEGA-ARGENTINA-10.png\" alt=\"BODEGA-ARGENTINA (10)\" \/><\/figure><\/div><div class=\"swiper-slide\" role=\"group\" aria-roledescription=\"slide\" aria-label=\"3 de 4\"><figure class=\"swiper-slide-inner\"><img decoding=\"async\" class=\"swiper-slide-image\" src=\"https:\/\/bodegaargentina.com.mx\/en\/wp-content\/uploads\/sites\/2\/2025\/02\/BODEGA-ARGENTINA-11.png\" alt=\"BODEGA-ARGENTINA (11)\" \/><\/figure><\/div><div class=\"swiper-slide\" role=\"group\" aria-roledescription=\"slide\" aria-label=\"4 de 4\"><figure class=\"swiper-slide-inner\"><img decoding=\"async\" class=\"swiper-slide-image\" src=\"https:\/\/bodegaargentina.com.mx\/en\/wp-content\/uploads\/sites\/2\/2025\/02\/BODEGA-ARGENTINA-12.png\" alt=\"BODEGA-ARGENTINA (12)\" \/><\/figure><\/div>\t\t\t<\/div>\n\t\t\t\t\t\t\t\n\t\t\t\t\t\t\t\t\t<\/div>\n\t\t\t\t\t\t<\/div>\n\t\t\t\t<\/div>\n\t\t\t\t\t<\/div>\n\t\t<\/div>\n\t\t\t\t\t<\/div>\n\t\t<\/section>\n\t\t\t\t<section class=\"elementor-section elementor-top-section elementor-element elementor-element-88db3e1 elementor-section-boxed elementor-section-height-default elementor-section-height-default eltdf-parallax-row-no eltdf-content-aligment-left eltdf-elementor-row-grid-no eltdf-disabled-bg-image-bellow-no\" data-id=\"88db3e1\" data-element_type=\"section\" data-settings=\"{&quot;background_background&quot;:&quot;classic&quot;}\">\n\t\t\t\t\t\t\t<div class=\"elementor-background-overlay\"><\/div>\n\t\t\t\t\t\t\t<div class=\"elementor-container elementor-column-gap-default\">\n\t\t\t\t\t<div class=\"elementor-column elementor-col-100 elementor-top-column elementor-element elementor-element-801247f\" data-id=\"801247f\" data-element_type=\"column\">\n\t\t\t<div class=\"elementor-widget-wrap elementor-element-populated\">\n\t\t\t\t\t\t<div class=\"elementor-element elementor-element-e6d15a0 elementor-widget elementor-widget-heading\" data-id=\"e6d15a0\" data-element_type=\"widget\" data-widget_type=\"heading.default\">\n\t\t\t\t<div class=\"elementor-widget-container\">\n\t\t\t\t\t<h2 class=\"elementor-heading-title elementor-size-default\">VISIT US <\/h2>\t\t\t\t<\/div>\n\t\t\t\t<\/div>\n\t\t\t\t<div class=\"elementor-element elementor-element-605b098 elementor-widget elementor-widget-text-editor\" data-id=\"605b098\" data-element_type=\"widget\" data-widget_type=\"text-editor.default\">\n\t\t\t\t<div class=\"elementor-widget-container\">\n\t\t\t\t\t\t\t\t\tMarina Puerto Canc\u00fan, Blvd. Kukulcan Puerto Juarez, Zona Hotelera, 77500 Canc\u00fan, 77500 Canc\u00fan, Q.R.\t\t\t\t\t\t\t\t<\/div>\n\t\t\t\t<\/div>\n\t\t\t\t<div class=\"elementor-element elementor-element-7b8dcfe elementor-align-center elementor-icon-list--layout-traditional elementor-list-item-link-full_width elementor-widget elementor-widget-icon-list\" data-id=\"7b8dcfe\" data-element_type=\"widget\" data-widget_type=\"icon-list.default\">\n\t\t\t\t<div class=\"elementor-widget-container\">\n\t\t\t\t\t\t\t<ul class=\"elementor-icon-list-items\">\n\t\t\t\t\t\t\t<li class=\"elementor-icon-list-item\">\n\t\t\t\t\t\t\t\t\t\t<span class=\"elementor-icon-list-text\">Monday to Sunday 14:00 pm - 1:00 am<\/span>\n\t\t\t\t\t\t\t\t\t<\/li>\n\t\t\t\t\t\t<\/ul>\n\t\t\t\t\t\t<\/div>\n\t\t\t\t<\/div>\n\t\t\t\t\t<\/div>\n\t\t<\/div>\n\t\t\t\t\t<\/div>\n\t\t<\/section>\n\t\t\t\t<section class=\"elementor-section elementor-top-section elementor-element elementor-element-ab1cbda elementor-section-height-min-height elementor-hidden-mobile elementor-section-boxed elementor-section-height-default elementor-section-items-middle eltdf-parallax-row-no eltdf-content-aligment-left eltdf-elementor-row-grid-no eltdf-disabled-bg-image-bellow-no\" data-id=\"ab1cbda\" data-element_type=\"section\" data-settings=\"{&quot;background_background&quot;:&quot;classic&quot;}\">\n\t\t\t\t\t\t\t<div class=\"elementor-background-overlay\"><\/div>\n\t\t\t\t\t\t\t<div class=\"elementor-container elementor-column-gap-default\">\n\t\t\t\t\t<div class=\"elementor-column elementor-col-100 elementor-top-column elementor-element elementor-element-03067be\" data-id=\"03067be\" data-element_type=\"column\">\n\t\t\t<div class=\"elementor-widget-wrap elementor-element-populated\">\n\t\t\t\t\t\t<div class=\"elementor-element elementor-element-6ffedef elementor-widget elementor-widget-heading\" data-id=\"6ffedef\" data-element_type=\"widget\" data-widget_type=\"heading.default\">\n\t\t\t\t<div class=\"elementor-widget-container\">\n\t\t\t\t\t<h2 class=\"elementor-heading-title elementor-size-default\">BOOK NOW<\/h2>\t\t\t\t<\/div>\n\t\t\t\t<\/div>\n\t\t\t\t<div class=\"elementor-element elementor-element-5ac55ae elementor-widget elementor-widget-html\" data-id=\"5ac55ae\" data-element_type=\"widget\" data-widget_type=\"html.default\">\n\t\t\t\t<div class=\"elementor-widget-container\">\n\t\t\t\t\t<script type='text\/javascript' src='\/\/www.opentable.com.mx\/widget\/reservation\/loader?rid=1405657&type=standard&theme=wide&color=8&dark=false&iframe=true&domain=commx&lang=en-US&newtab=false&ot_source=Restaurant%20website&ot_campaign=web&font=garamond&ot_logo=subtle&primary_color=ffffff&primary_font_color=333333&button_color=035950&button_font_color=ffffff&cfe=true'><\/script>\t\t\t\t<\/div>\n\t\t\t\t<\/div>\n\t\t\t\t\t<\/div>\n\t\t<\/div>\n\t\t\t\t\t<\/div>\n\t\t<\/section>\n\t\t\t\t<section class=\"elementor-section elementor-top-section elementor-element elementor-element-b721de6 elementor-section-height-min-height elementor-section-content-middle elementor-hidden-desktop elementor-hidden-tablet elementor-section-boxed elementor-section-height-default elementor-section-items-middle eltdf-parallax-row-no eltdf-content-aligment-left eltdf-elementor-row-grid-no eltdf-disabled-bg-image-bellow-no\" data-id=\"b721de6\" data-element_type=\"section\" data-settings=\"{&quot;background_background&quot;:&quot;classic&quot;,&quot;background_motion_fx_motion_fx_scrolling&quot;:&quot;yes&quot;,&quot;background_motion_fx_translateY_effect&quot;:&quot;yes&quot;,&quot;background_motion_fx_translateY_speed&quot;:{&quot;unit&quot;:&quot;px&quot;,&quot;size&quot;:10,&quot;sizes&quot;:[]},&quot;background_motion_fx_translateY_affectedRange&quot;:{&quot;unit&quot;:&quot;%&quot;,&quot;size&quot;:&quot;&quot;,&quot;sizes&quot;:{&quot;start&quot;:0,&quot;end&quot;:100}},&quot;background_motion_fx_devices&quot;:[&quot;desktop&quot;,&quot;tablet&quot;,&quot;mobile&quot;]}\">\n\t\t\t\t\t\t\t<div class=\"elementor-background-overlay\"><\/div>\n\t\t\t\t\t\t\t<div class=\"elementor-container elementor-column-gap-no\">\n\t\t\t\t\t<div class=\"elementor-column elementor-col-100 elementor-top-column elementor-element elementor-element-1c0faa9\" data-id=\"1c0faa9\" data-element_type=\"column\">\n\t\t\t<div class=\"elementor-widget-wrap elementor-element-populated\">\n\t\t\t\t\t\t<div class=\"elementor-element elementor-element-5891792 elementor-widget elementor-widget-heading\" data-id=\"5891792\" data-element_type=\"widget\" data-widget_type=\"heading.default\">\n\t\t\t\t<div class=\"elementor-widget-container\">\n\t\t\t\t\t<h2 class=\"elementor-heading-title elementor-size-default\">BOO NOW<\/h2>\t\t\t\t<\/div>\n\t\t\t\t<\/div>\n\t\t\t\t<div class=\"elementor-element elementor-element-921b38b elementor-widget elementor-widget-html\" data-id=\"921b38b\" data-element_type=\"widget\" data-widget_type=\"html.default\">\n\t\t\t\t<div class=\"elementor-widget-container\">\n\t\t\t\t\t<div class=\"opentable-widget\">\n  <script type='text\/javascript' src='\/\/www.opentable.com.mx\/widget\/reservation\/loader?rid=1405657&type=standard&theme=standard&color=8&dark=false&iframe=true&domain=commx&lang=en-US&newtab=false&ot_source=Restaurant%20website&ot_campaign=web&font=garamond&ot_logo=subtle&primary_color=ffffff&primary_font_color=333333&button_color=035950&button_font_color=FFFFFF&cfe=true'><\/script>\n<\/div>\n\n<style>\n  .opentable-widget {\n    display: flex;\n    justify-content: center;\n    align-items: center;\n    width: 58%;\n    margin: 0 auto;\n    padding: 0;\n    overflow: hidden;\n  }\n\n  iframe {\n    max-width: 100%;\n  }\n<\/style>\t\t\t\t<\/div>\n\t\t\t\t<\/div>\n\t\t\t\t\t<\/div>\n\t\t<\/div>\n\t\t\t\t\t<\/div>\n\t\t<\/section>\n\t\t\t\t<section class=\"elementor-section elementor-top-section elementor-element elementor-element-7612b06 elementor-section-full_width elementor-section-height-default elementor-section-height-default eltdf-parallax-row-no eltdf-content-aligment-left eltdf-elementor-row-grid-no eltdf-disabled-bg-image-bellow-no\" data-id=\"7612b06\" data-element_type=\"section\" data-settings=\"{&quot;background_background&quot;:&quot;classic&quot;}\">\n\t\t\t\t\t\t<div class=\"elementor-container elementor-column-gap-default\">\n\t\t\t\t\t<div class=\"elementor-column elementor-col-100 elementor-top-column elementor-element elementor-element-2c896a9\" data-id=\"2c896a9\" data-element_type=\"column\">\n\t\t\t<div class=\"elementor-widget-wrap elementor-element-populated\">\n\t\t\t\t\t\t<div class=\"elementor-element elementor-element-edbefaf elementor-widget elementor-widget-html\" data-id=\"edbefaf\" data-element_type=\"widget\" data-widget_type=\"html.default\">\n\t\t\t\t<div class=\"elementor-widget-container\">\n\t\t\t\t\t<iframe src=\"https:\/\/www.google.com\/maps\/embed?pb=!1m18!1m12!1m3!1d3720.7708384659973!2d-86.8079862!3d21.161516199999998!2m3!1f0!2f0!3f0!3m2!1i1024!2i768!4f13.1!3m3!1m2!1s0x8f4c2fc046fa5ad1%3A0x367ab6ef0b2f9cd5!2sBodega%20Argentina!5e0!3m2!1ses-419!2smx!4v1736876266776!5m2!1ses-419!2smx\" width=\"600\" height=\"450\" style=\"border:0;\" allowfullscreen=\"\" loading=\"lazy\" referrerpolicy=\"no-referrer-when-downgrade\"><\/iframe>\t\t\t\t<\/div>\n\t\t\t\t<\/div>\n\t\t\t\t\t<\/div>\n\t\t<\/div>\n\t\t\t\t\t<\/div>\n\t\t<\/section>\n\t\t\t\t<\/div>\n\t\t","protected":false},"excerpt":{"rendered":"<p>The best argentine restaurant in cancun In the heart of Puerto Cancun, Bodega Argentina will immerse you in a cozy and elegant atmosphere that evokes the passion and spirit of Buenos Aires, while you delight your palate with the most [&hellip;]<\/p>\n","protected":false},"author":1,"featured_media":0,"parent":0,"menu_order":0,"comment_status":"closed","ping_status":"closed","template":"elementor_header_footer","meta":{"_acf_changed":false,"footnotes":""},"class_list":["post-1287","page","type-page","status-publish","hentry"],"yoast_head":"<!-- This site is optimized with the Yoast SEO plugin v23.1 - https:\/\/yoast.com\/wordpress\/plugins\/seo\/ -->\n<title>Bodega Argentina Cancun - Tradition Made Taste | Grupo Anderson&#039;s<\/title>\n<meta name=\"description\" content=\"Welcome to Bodega Argentina, the ultimate reference of authentic Argentine cuisine in Cancun! Located in Plaza Marina Town Center Puerto Cancun.\" \/>\n<meta name=\"robots\" content=\"noindex, nofollow\" \/>\n<meta property=\"og:locale\" content=\"es_MX\" \/>\n<meta property=\"og:type\" content=\"article\" \/>\n<meta property=\"og:title\" content=\"Bodega Argentina Cancun - Tradition Made Taste | Grupo Anderson&#039;s\" \/>\n<meta property=\"og:description\" content=\"Welcome to Bodega Argentina, the ultimate reference of authentic Argentine cuisine in Cancun! Located in Plaza Marina Town Center Puerto Cancun.\" \/>\n<meta property=\"og:url\" content=\"https:\/\/bodegaargentina.com.mx\/en\/restaurant-in-puerto-cancun-with-a-sea-view\/\" \/>\n<meta property=\"og:site_name\" content=\"The Best Argentinean Restaurant in Cancun - Bodega Argentina\" \/>\n<meta property=\"article:modified_time\" content=\"2026-01-12T21:16:01+00:00\" \/>\n<meta property=\"og:image\" content=\"https:\/\/bodegaargentina.com.mx\/en\/wp-content\/uploads\/sites\/2\/2025\/02\/BA_barra_500px-1024x38.png\" \/>\n<meta name=\"twitter:card\" content=\"summary_large_image\" \/>\n<meta name=\"twitter:label1\" content=\"Tiempo de lectura\" \/>\n\t<meta name=\"twitter:data1\" content=\"2 minutos\" \/>\n<script type=\"application\/ld+json\" class=\"yoast-schema-graph\">{\"@context\":\"https:\/\/schema.org\",\"@graph\":[{\"@type\":\"WebPage\",\"@id\":\"https:\/\/bodegaargentina.com.mx\/en\/restaurant-in-puerto-cancun-with-a-sea-view\/\",\"url\":\"https:\/\/bodegaargentina.com.mx\/en\/restaurant-in-puerto-cancun-with-a-sea-view\/\",\"name\":\"Bodega Argentina Cancun - Tradition Made Taste | Grupo Anderson's\",\"isPartOf\":{\"@id\":\"https:\/\/bodegaargentina.com.mx\/en\/#website\"},\"primaryImageOfPage\":{\"@id\":\"https:\/\/bodegaargentina.com.mx\/en\/restaurant-in-puerto-cancun-with-a-sea-view\/#primaryimage\"},\"image\":{\"@id\":\"https:\/\/bodegaargentina.com.mx\/en\/restaurant-in-puerto-cancun-with-a-sea-view\/#primaryimage\"},\"thumbnailUrl\":\"https:\/\/bodegaargentina.com.mx\/en\/wp-content\/uploads\/sites\/2\/2025\/02\/BA_barra_500px-1024x38.png\",\"datePublished\":\"2023-07-20T16:07:10+00:00\",\"dateModified\":\"2026-01-12T21:16:01+00:00\",\"description\":\"Welcome to Bodega Argentina, the ultimate reference of authentic Argentine cuisine in Cancun! Located in Plaza Marina Town Center Puerto Cancun.\",\"breadcrumb\":{\"@id\":\"https:\/\/bodegaargentina.com.mx\/en\/restaurant-in-puerto-cancun-with-a-sea-view\/#breadcrumb\"},\"inLanguage\":\"es\",\"potentialAction\":[{\"@type\":\"ReadAction\",\"target\":[\"https:\/\/bodegaargentina.com.mx\/en\/restaurant-in-puerto-cancun-with-a-sea-view\/\"]}]},{\"@type\":\"ImageObject\",\"inLanguage\":\"es\",\"@id\":\"https:\/\/bodegaargentina.com.mx\/en\/restaurant-in-puerto-cancun-with-a-sea-view\/#primaryimage\",\"url\":\"https:\/\/bodegaargentina.com.mx\/en\/wp-content\/uploads\/sites\/2\/2025\/02\/BA_barra_500px.png\",\"contentUrl\":\"https:\/\/bodegaargentina.com.mx\/en\/wp-content\/uploads\/sites\/2\/2025\/02\/BA_barra_500px.png\",\"width\":2084,\"height\":77},{\"@type\":\"BreadcrumbList\",\"@id\":\"https:\/\/bodegaargentina.com.mx\/en\/restaurant-in-puerto-cancun-with-a-sea-view\/#breadcrumb\",\"itemListElement\":[{\"@type\":\"ListItem\",\"position\":1,\"name\":\"Inicio\",\"item\":\"https:\/\/bodegaargentina.com.mx\/en\/\"},{\"@type\":\"ListItem\",\"position\":2,\"name\":\"locacion\"}]},{\"@type\":\"WebSite\",\"@id\":\"https:\/\/bodegaargentina.com.mx\/en\/#website\",\"url\":\"https:\/\/bodegaargentina.com.mx\/en\/\",\"name\":\"The Best Argentinean Restaurant in Cancun - Bodega Argentina\",\"description\":\"Bodega Argentina te sumergir\u00e1 en un ambiente acogedor y elegante que evoca la pasi\u00f3n y el esp\u00edritu de Buenos Aires, mientras deleitas tu paladar con los platos m\u00e1s emblem\u00e1ticos de la cocina argentina.\",\"publisher\":{\"@id\":\"https:\/\/bodegaargentina.com.mx\/en\/#organization\"},\"potentialAction\":[{\"@type\":\"SearchAction\",\"target\":{\"@type\":\"EntryPoint\",\"urlTemplate\":\"https:\/\/bodegaargentina.com.mx\/en\/?s={search_term_string}\"},\"query-input\":\"required name=search_term_string\"}],\"inLanguage\":\"es\"},{\"@type\":\"Organization\",\"@id\":\"https:\/\/bodegaargentina.com.mx\/en\/#organization\",\"name\":\"The Best Argentinean Restaurant in Cancun - Bodega Argentina\",\"url\":\"https:\/\/bodegaargentina.com.mx\/en\/\",\"logo\":{\"@type\":\"ImageObject\",\"inLanguage\":\"es\",\"@id\":\"https:\/\/bodegaargentina.com.mx\/en\/#\/schema\/logo\/image\/\",\"url\":\"https:\/\/bodegaargentina.com.mx\/en\/wp-content\/uploads\/sites\/2\/2023\/06\/porteno-logo.png\",\"contentUrl\":\"https:\/\/bodegaargentina.com.mx\/en\/wp-content\/uploads\/sites\/2\/2023\/06\/porteno-logo.png\",\"width\":3943,\"height\":2056,\"caption\":\"The Best Argentinean Restaurant in Cancun - Bodega Argentina\"},\"image\":{\"@id\":\"https:\/\/bodegaargentina.com.mx\/en\/#\/schema\/logo\/image\/\"}}]}<\/script>\n<!-- \/ Yoast SEO plugin. -->","yoast_head_json":{"title":"Bodega Argentina Cancun - Tradition Made Taste | Grupo Anderson's","description":"Welcome to Bodega Argentina, the ultimate reference of authentic Argentine cuisine in Cancun! Located in Plaza Marina Town Center Puerto Cancun.","robots":{"index":"noindex","follow":"nofollow"},"og_locale":"es_MX","og_type":"article","og_title":"Bodega Argentina Cancun - Tradition Made Taste | Grupo Anderson's","og_description":"Welcome to Bodega Argentina, the ultimate reference of authentic Argentine cuisine in Cancun! Located in Plaza Marina Town Center Puerto Cancun.","og_url":"https:\/\/bodegaargentina.com.mx\/en\/restaurant-in-puerto-cancun-with-a-sea-view\/","og_site_name":"The Best Argentinean Restaurant in Cancun - Bodega Argentina","article_modified_time":"2026-01-12T21:16:01+00:00","og_image":[{"url":"https:\/\/bodegaargentina.com.mx\/en\/wp-content\/uploads\/sites\/2\/2025\/02\/BA_barra_500px-1024x38.png"}],"twitter_card":"summary_large_image","twitter_misc":{"Tiempo de lectura":"2 minutos"},"schema":{"@context":"https:\/\/schema.org","@graph":[{"@type":"WebPage","@id":"https:\/\/bodegaargentina.com.mx\/en\/restaurant-in-puerto-cancun-with-a-sea-view\/","url":"https:\/\/bodegaargentina.com.mx\/en\/restaurant-in-puerto-cancun-with-a-sea-view\/","name":"Bodega Argentina Cancun - Tradition Made Taste | Grupo Anderson's","isPartOf":{"@id":"https:\/\/bodegaargentina.com.mx\/en\/#website"},"primaryImageOfPage":{"@id":"https:\/\/bodegaargentina.com.mx\/en\/restaurant-in-puerto-cancun-with-a-sea-view\/#primaryimage"},"image":{"@id":"https:\/\/bodegaargentina.com.mx\/en\/restaurant-in-puerto-cancun-with-a-sea-view\/#primaryimage"},"thumbnailUrl":"https:\/\/bodegaargentina.com.mx\/en\/wp-content\/uploads\/sites\/2\/2025\/02\/BA_barra_500px-1024x38.png","datePublished":"2023-07-20T16:07:10+00:00","dateModified":"2026-01-12T21:16:01+00:00","description":"Welcome to Bodega Argentina, the ultimate reference of authentic Argentine cuisine in Cancun! Located in Plaza Marina Town Center Puerto Cancun.","breadcrumb":{"@id":"https:\/\/bodegaargentina.com.mx\/en\/restaurant-in-puerto-cancun-with-a-sea-view\/#breadcrumb"},"inLanguage":"es","potentialAction":[{"@type":"ReadAction","target":["https:\/\/bodegaargentina.com.mx\/en\/restaurant-in-puerto-cancun-with-a-sea-view\/"]}]},{"@type":"ImageObject","inLanguage":"es","@id":"https:\/\/bodegaargentina.com.mx\/en\/restaurant-in-puerto-cancun-with-a-sea-view\/#primaryimage","url":"https:\/\/bodegaargentina.com.mx\/en\/wp-content\/uploads\/sites\/2\/2025\/02\/BA_barra_500px.png","contentUrl":"https:\/\/bodegaargentina.com.mx\/en\/wp-content\/uploads\/sites\/2\/2025\/02\/BA_barra_500px.png","width":2084,"height":77},{"@type":"BreadcrumbList","@id":"https:\/\/bodegaargentina.com.mx\/en\/restaurant-in-puerto-cancun-with-a-sea-view\/#breadcrumb","itemListElement":[{"@type":"ListItem","position":1,"name":"Inicio","item":"https:\/\/bodegaargentina.com.mx\/en\/"},{"@type":"ListItem","position":2,"name":"locacion"}]},{"@type":"WebSite","@id":"https:\/\/bodegaargentina.com.mx\/en\/#website","url":"https:\/\/bodegaargentina.com.mx\/en\/","name":"The Best Argentinean Restaurant in Cancun - Bodega Argentina","description":"Bodega Argentina te sumergir\u00e1 en un ambiente acogedor y elegante que evoca la pasi\u00f3n y el esp\u00edritu de Buenos Aires, mientras deleitas tu paladar con los platos m\u00e1s emblem\u00e1ticos de la cocina argentina.","publisher":{"@id":"https:\/\/bodegaargentina.com.mx\/en\/#organization"},"potentialAction":[{"@type":"SearchAction","target":{"@type":"EntryPoint","urlTemplate":"https:\/\/bodegaargentina.com.mx\/en\/?s={search_term_string}"},"query-input":"required name=search_term_string"}],"inLanguage":"es"},{"@type":"Organization","@id":"https:\/\/bodegaargentina.com.mx\/en\/#organization","name":"The Best Argentinean Restaurant in Cancun - Bodega Argentina","url":"https:\/\/bodegaargentina.com.mx\/en\/","logo":{"@type":"ImageObject","inLanguage":"es","@id":"https:\/\/bodegaargentina.com.mx\/en\/#\/schema\/logo\/image\/","url":"https:\/\/bodegaargentina.com.mx\/en\/wp-content\/uploads\/sites\/2\/2023\/06\/porteno-logo.png","contentUrl":"https:\/\/bodegaargentina.com.mx\/en\/wp-content\/uploads\/sites\/2\/2023\/06\/porteno-logo.png","width":3943,"height":2056,"caption":"The Best Argentinean Restaurant in Cancun - Bodega Argentina"},"image":{"@id":"https:\/\/bodegaargentina.com.mx\/en\/#\/schema\/logo\/image\/"}}]}},"acf":[],"_links":{"self":[{"href":"https:\/\/bodegaargentina.com.mx\/en\/wp-json\/wp\/v2\/pages\/1287"}],"collection":[{"href":"https:\/\/bodegaargentina.com.mx\/en\/wp-json\/wp\/v2\/pages"}],"about":[{"href":"https:\/\/bodegaargentina.com.mx\/en\/wp-json\/wp\/v2\/types\/page"}],"author":[{"embeddable":true,"href":"https:\/\/bodegaargentina.com.mx\/en\/wp-json\/wp\/v2\/users\/1"}],"replies":[{"embeddable":true,"href":"https:\/\/bodegaargentina.com.mx\/en\/wp-json\/wp\/v2\/comments?post=1287"}],"version-history":[{"count":770,"href":"https:\/\/bodegaargentina.com.mx\/en\/wp-json\/wp\/v2\/pages\/1287\/revisions"}],"predecessor-version":[{"id":7972,"href":"https:\/\/bodegaargentina.com.mx\/en\/wp-json\/wp\/v2\/pages\/1287\/revisions\/7972"}],"wp:attachment":[{"href":"https:\/\/bodegaargentina.com.mx\/en\/wp-json\/wp\/v2\/media?parent=1287"}],"curies":[{"name":"wp","href":"https:\/\/api.w.org\/{rel}","templated":true}]}}